{"id":13,"date":"2020-06-29T10:16:17","date_gmt":"2020-06-29T10:16:17","guid":{"rendered":"https:\/\/sensitivecbd.com\/b2b\/mi-cuenta\/"},"modified":"2025-04-17T00:49:59","modified_gmt":"2025-04-17T00:49:59","slug":"mi-cuenta","status":"publish","type":"page","link":"https:\/\/www.sensitivecbd.com\/b2b\/mi-cuenta\/","title":{"rendered":"Mi Cuenta"},"content":{"rendered":"\t\t<div data-elementor-type=\"wp-page\" data-elementor-id=\"13\" class=\"elementor elementor-13\" data-elementor-post-type=\"page\">\n\t\t\t\t<div class=\"elementor-element elementor-element-746a296 e-flex e-con-boxed e-con e-parent\" data-id=\"746a296\" data-element_type=\"container\" id=\"ocultocliente\">\n\t\t\t\t\t<div class=\"e-con-inner\">\n\t\t<div class=\"elementor-element elementor-element-3ccdbf6 e-con-full e-flex e-con e-child\" data-id=\"3ccdbf6\" data-element_type=\"container\" data-settings=\"{&quot;background_background&quot;:&quot;classic&quot;}\">\n\t\t<div class=\"elementor-element elementor-element-4323673 e-con-full e-flex e-con e-child\" data-id=\"4323673\" data-element_type=\"container\">\n\t\t\t\t<div class=\"elementor-element elementor-element-02867a9 elementor-widget elementor-widget-heading\" data-id=\"02867a9\" data-element_type=\"widget\" data-widget_type=\"heading.default\">\n\t\t\t\t<div class=\"elementor-widget-container\">\n\t\t\t\t\t<p class=\"elementor-heading-title elementor-size-default\">\ud83d\udca5 GRAN OFERTA -  SEMANA SANTA<\/p>\t\t\t\t<\/div>\n\t\t\t\t<\/div>\n\t\t\t\t<div class=\"elementor-element elementor-element-f5aad9d elementor-widget elementor-widget-heading\" data-id=\"f5aad9d\" data-element_type=\"widget\" data-widget_type=\"heading.default\">\n\t\t\t\t<div class=\"elementor-widget-container\">\n\t\t\t\t\t<p class=\"elementor-heading-title elementor-size-default\"> Hasta un 60% de descuento directo en todo cat\u00e1logo.<\/p>\t\t\t\t<\/div>\n\t\t\t\t<\/div>\n\t\t\t\t<div class=\"elementor-element elementor-element-54701a1 elementor-widget elementor-widget-heading\" data-id=\"54701a1\" data-element_type=\"widget\" data-widget_type=\"heading.default\">\n\t\t\t\t<div class=\"elementor-widget-container\">\n\t\t\t\t\t<p class=\"elementor-heading-title elementor-size-default\">M\u00e1s margen.  M\u00e1s beneficio. Mismo producto top.<\/p>\t\t\t\t<\/div>\n\t\t\t\t<\/div>\n\t\t\t\t<div class=\"elementor-element elementor-element-b1297d6 elementor-align-center elementor-widget elementor-widget-button\" data-id=\"b1297d6\" data-element_type=\"widget\" data-widget_type=\"button.default\">\n\t\t\t\t<div class=\"elementor-widget-container\">\n\t\t\t\t\t\t\t\t\t<div class=\"elementor-button-wrapper\">\n\t\t\t\t\t<a class=\"elementor-button elementor-button-link elementor-size-sm\" href=\"https:\/\/www.sensitivecbd.com\/b2b\/product-category\/promociones-y-ofertas\/\">\n\t\t\t\t\t\t<span class=\"elementor-button-content-wrapper\">\n\t\t\t\t\t\t\t\t\t<span class=\"elementor-button-text\">\ud83d\udc49 Ver productos en oferta<\/span>\n\t\t\t\t\t<\/span>\n\t\t\t\t\t<\/a>\n\t\t\t\t<\/div>\n\t\t\t\t\t\t\t\t<\/div>\n\t\t\t\t<\/div>\n\t\t\t\t<\/div>\n\t\t\t\t<\/div>\n\t\t\t\t\t<\/div>\n\t\t\t\t<\/div>\n\t\t<div class=\"elementor-element elementor-element-fe58238 e-flex e-con-boxed e-con e-parent\" data-id=\"fe58238\" data-element_type=\"container\">\n\t\t\t\t\t<div class=\"e-con-inner\">\n\t\t<div class=\"elementor-element elementor-element-311d439 e-con-full e-flex e-con e-child\" data-id=\"311d439\" data-element_type=\"container\">\n\t\t\t\t<div class=\"elementor-element elementor-element-45c35f1 elementor-hidden-desktop elementor-hidden-tablet elementor-hidden-mobile elementor-widget elementor-widget-text-editor\" data-id=\"45c35f1\" data-element_type=\"widget\" data-widget_type=\"text-editor.default\">\n\t\t\t\t<div class=\"elementor-widget-container\"><div class=\"woocommerce\">\n<div class=\"woocommerce-notices-wrapper\"><\/div>\n<div class=\"u-columns col2-set\" id=\"customer_login\">\n<div class=\"u-column1 col-1\">\n<h2>Acceder<\/h2>\n<form class=\"woocommerce-form woocommerce-form-login login\" method=\"post\">\n<p class=\"woocommerce-form-row woocommerce-form-row--wide form-row form-row-wide\">\n\t\t\t\t<label for=\"username\">Nombre de usuario o correo electr\u00f3nico&nbsp;<span class=\"required\" aria-hidden=\"true\">*<\/span><span class=\"screen-reader-text\">Obligatorio<\/span><\/label><br \/>\n\t\t\t\t<input type=\"text\" class=\"woocommerce-Input woocommerce-Input--text input-text\" name=\"username\" id=\"username\" autocomplete=\"username\" value=\"\" required aria-required=\"true\" \/>\t\t\t<\/p>\n<p class=\"woocommerce-form-row woocommerce-form-row--wide form-row form-row-wide\">\n\t\t\t\t<label for=\"password\">Contrase\u00f1a&nbsp;<span class=\"required\" aria-hidden=\"true\">*<\/span><span class=\"screen-reader-text\">Obligatorio<\/span><\/label><br \/>\n\t\t\t\t<input class=\"woocommerce-Input woocommerce-Input--text input-text\" type=\"password\" name=\"password\" id=\"password\" autocomplete=\"current-password\" required aria-required=\"true\" \/>\n\t\t\t<\/p>\n<p><label for=\"wpcaptcha_captcha\">Are you human? Please solve: <img decoding=\"async\" class=\"wpcaptcha-captcha-img\" style=\"vertical-align: text-top;\" src=\"data:image\/png;base64,R0lGODdhLQAPALMAAP\/\/\/0JCQgAAAP\/\/\/5KaaL6HrLqgu22HubxyZwAAAAAAAAAAAAAAAAAAAAAAAAAAACwAAAAALQAPAAAEjnBIIqtEFVdqu\/9WARIGF4JoaoBFoVlrKkuCcAifsZrVMdM1XKU2QBA7Pl8hlpkdn8IB4XhpDg4vaYo6IFILXJ6JJ\/p1hU9DtByKLSvMbfSMu8E9tVu+7px3jBI+KC8IFFl4fnMCHIceZCUgXEBAIjwobIGYkx9BOCuaKHFFcZ2dKIJmqD2iZo0yjQiqHhEAOw==\" alt=\"Captcha\" \/><input class=\"input\" type=\"text\" size=\"3\" name=\"wpcaptcha_captcha[6446]\" id=\"wpcaptcha_captcha\" value=\"\"\/><input type=\"hidden\" name=\"wpcaptcha_captcha_token[6446]\" id=\"wpcaptcha_captcha_token\" value=\"993567bdab48af35f4adc84eb1c9e2b9\" \/><\/label><\/p>\n<p><\/p>\n<p class=\"form-row\">\n\t\t\t\t<label class=\"woocommerce-form__label woocommerce-form__label-for-checkbox woocommerce-form-login__rememberme\"><br \/>\n\t\t\t\t\t<input class=\"woocommerce-form__input woocommerce-form__input-checkbox\" name=\"rememberme\" type=\"checkbox\" id=\"rememberme\" value=\"forever\" \/> <span>Recu\u00e9rdame<\/span><br \/>\n\t\t\t\t<\/label><br \/>\n\t\t\t\t<input type=\"hidden\" id=\"woocommerce-login-nonce\" name=\"woocommerce-login-nonce\" value=\"f0b8c54a51\" \/><input type=\"hidden\" name=\"_wp_http_referer\" value=\"\/b2b\/wp-json\/wp\/v2\/pages\/13\" \/>\t\t\t\t<button type=\"submit\" class=\"woocommerce-button button woocommerce-form-login__submit\" name=\"login\" value=\"Acceso\">Acceso<\/button>\n\t\t\t<\/p>\n<p class=\"woocommerce-LostPassword lost_password\">\n\t\t\t\t<a href=\"https:\/\/www.sensitivecbd.com\/b2b\/mi-cuenta\/lost-password\/\">\u00bfOlvidaste la contrase\u00f1a?<\/a>\n\t\t\t<\/p>\n<\/p><\/form>\n<\/p><\/div>\n<div class=\"u-column2 col-2\">\n<h2>Registrarse<\/h2>\n<form method=\"post\" class=\"woocommerce-form woocommerce-form-register register\"  >\n<p class=\"form-row form-row-first validate-required\" id=\"billing_first_name_field\" data-priority=\"10\"><label for=\"billing_first_name\" class=\"\">Nombre&nbsp;<abbr class=\"required\" title=\"obligatorio\">*<\/abbr><\/label><span class=\"woocommerce-input-wrapper\"><input type=\"text\" class=\"input-text \" name=\"billing_first_name\" id=\"billing_first_name\" placeholder=\"\"  value=\"\" aria-required=\"true\" autocomplete=\"given-name\" \/><\/span><\/p>\n<p class=\"form-row form-row-last validate-required\" id=\"billing_last_name_field\" data-priority=\"20\"><label for=\"billing_last_name\" class=\"\">Apellidos&nbsp;<abbr class=\"required\" title=\"obligatorio\">*<\/abbr><\/label><span class=\"woocommerce-input-wrapper\"><input type=\"text\" class=\"input-text \" name=\"billing_last_name\" id=\"billing_last_name\" placeholder=\"\"  value=\"\" aria-required=\"true\" autocomplete=\"family-name\" \/><\/span><\/p>\n<p class=\"form-row form-row-wide validate-required\" id=\"billing_company_field\" data-priority=\"30\"><label for=\"billing_company\" class=\"\">Nombre de la empresa&nbsp;<abbr class=\"required\" title=\"obligatorio\">*<\/abbr><\/label><span class=\"woocommerce-input-wrapper\"><input type=\"text\" class=\"input-text \" name=\"billing_company\" id=\"billing_company\" placeholder=\"\"  value=\"\" aria-required=\"true\" autocomplete=\"organization\" \/><\/span><\/p>\n<p class=\"form-row form-row-wide validate-required\" id=\"billing_vat_field\" data-priority=\"35\"><label for=\"billing_vat\" class=\"\">NIE\/NIF\/VIES Number&nbsp;<abbr class=\"required\" title=\"obligatorio\">*<\/abbr><\/label><span class=\"woocommerce-input-wrapper\"><input type=\"text\" class=\"input-text \" name=\"billing_vat\" id=\"billing_vat\" placeholder=\"NIE\/NIF\/VIES Number\"  value=\"\" aria-required=\"true\" \/><\/span><\/p>\n<p class=\"form-row form-row-wide address-field update_totals_on_change validate-required\" id=\"billing_country_field\" data-priority=\"40\"><label for=\"billing_country\" class=\"\">Pa\u00eds \/ Regi\u00f3n&nbsp;<abbr class=\"required\" title=\"obligatorio\">*<\/abbr><\/label><span class=\"woocommerce-input-wrapper\"><select name=\"billing_country\" id=\"billing_country\" class=\"country_to_state country_select \" aria-required=\"true\" autocomplete=\"country\" data-placeholder=\"Selecciona un pa\u00eds\/regi\u00f3n&hellip;\" data-label=\"Pa\u00eds \/ Regi\u00f3n\"><option value=\"\">Selecciona un pa\u00eds\/regi\u00f3n&hellip;<\/option><\/select><noscript><button type=\"submit\" name=\"woocommerce_checkout_update_totals\" value=\"Actualizar pa\u00eds\/regi\u00f3n\">Actualizar pa\u00eds\/regi\u00f3n<\/button><\/noscript><\/span><\/p>\n<p class=\"form-row form-row-wide address-field validate-required\" id=\"billing_address_1_field\" data-priority=\"50\"><label for=\"billing_address_1\" class=\"\">Direcci\u00f3n de la calle&nbsp;<abbr class=\"required\" title=\"obligatorio\">*<\/abbr><\/label><span class=\"woocommerce-input-wrapper\"><input type=\"text\" class=\"input-text \" name=\"billing_address_1\" id=\"billing_address_1\" placeholder=\"Nombre de la calle y n\u00famero de la casa\"  value=\"\" aria-required=\"true\" autocomplete=\"address-line1\" \/><\/span><\/p>\n<p class=\"form-row form-row-wide address-field\" id=\"billing_address_2_field\" data-priority=\"60\"><label for=\"billing_address_2\" class=\"screen-reader-text\">Apartamento, habitaci\u00f3n, escalera, etc.&nbsp;<span class=\"optional\">(opcional)<\/span><\/label><span class=\"woocommerce-input-wrapper\"><input type=\"text\" class=\"input-text \" name=\"billing_address_2\" id=\"billing_address_2\" placeholder=\"Apartamento, habitaci\u00f3n, etc. (opcional)\"  value=\"\" autocomplete=\"address-line2\" \/><\/span><\/p>\n<p class=\"form-row form-row-wide address-field validate-required\" id=\"billing_city_field\" data-priority=\"70\"><label for=\"billing_city\" class=\"\">Poblaci\u00f3n&nbsp;<abbr class=\"required\" title=\"obligatorio\">*<\/abbr><\/label><span class=\"woocommerce-input-wrapper\"><input type=\"text\" class=\"input-text \" name=\"billing_city\" id=\"billing_city\" placeholder=\"\"  value=\"\" aria-required=\"true\" autocomplete=\"address-level2\" \/><\/span><\/p>\n<p class=\"form-row form-row-wide address-field validate-required validate-state\" id=\"billing_state_field\" data-priority=\"80\"><label for=\"billing_state\" class=\"\">Regi\u00f3n \/ Provincia&nbsp;<abbr class=\"required\" title=\"obligatorio\">*<\/abbr><\/label><span class=\"woocommerce-input-wrapper\"><input type=\"text\" class=\"input-text \" value=\"\"  placeholder=\"\" name=\"billing_state\" id=\"billing_state\" aria-required=\"true\" autocomplete=\"address-level1\" data-input-classes=\"\"\/><\/span><\/p>\n<p class=\"form-row form-row-wide address-field validate-required validate-postcode\" id=\"billing_postcode_field\" data-priority=\"90\"><label for=\"billing_postcode\" class=\"\">C\u00f3digo postal \/ ZIP&nbsp;<abbr class=\"required\" title=\"obligatorio\">*<\/abbr><\/label><span class=\"woocommerce-input-wrapper\"><input type=\"text\" class=\"input-text \" name=\"billing_postcode\" id=\"billing_postcode\" placeholder=\"\"  value=\"\" aria-required=\"true\" autocomplete=\"postal-code\" \/><\/span><\/p>\n<p class=\"form-row form-row-wide validate-required validate-phone\" id=\"billing_phone_field\" data-priority=\"100\"><label for=\"billing_phone\" class=\"\">Tel\u00e9fono&nbsp;<abbr class=\"required\" title=\"obligatorio\">*<\/abbr><\/label><span class=\"woocommerce-input-wrapper\"><input type=\"tel\" class=\"input-text \" name=\"billing_phone\" id=\"billing_phone\" placeholder=\"\"  value=\"\" aria-required=\"true\" autocomplete=\"tel\" \/><\/span><\/p>\n<p class=\"woocommerce-form-row woocommerce-form-row--wide form-row form-row-wide\">\n\t\t\t\t<label for=\"reg_email\">Direcci\u00f3n de correo electr\u00f3nico&nbsp;<span class=\"required\" aria-hidden=\"true\">*<\/span><span class=\"screen-reader-text\">Obligatorio<\/span><\/label><br \/>\n\t\t\t\t<input type=\"email\" class=\"woocommerce-Input woocommerce-Input--text input-text\" name=\"email\" id=\"reg_email\" autocomplete=\"email\" value=\"\" required aria-required=\"true\" \/>\t\t\t<\/p>\n<p>Se enviar\u00e1 un enlace a tu direcci\u00f3n de correo electr\u00f3nico para establecer una nueva contrase\u00f1a.<\/p>\n<p class=\"form-row form-row-wide\">\n        <label class=\"woocommerce-form__label woocommerce-form__label-for-checkbox\"><br \/>\n            <input type=\"checkbox\" name=\"activar_recargo_equivalencia\" class=\"woocommerce-form__input woocommerce-form__input-checkbox\"><br \/>\n            <span>A\u00f1adir a mis facturas el impuesto Recargo de Equivalencia (5,2%)<\/span><br \/>\n        <\/label>\n    <\/p>\n<p>    <wc-order-attribution-inputs><\/wc-order-attribution-inputs><\/p>\n<div class=\"woocommerce-privacy-policy-text\">\n<p>Sus datos personales ser\u00e1n utilizados para apoyar su experiencia a trav\u00e9s de este sitio web, para administrar el acceso a su cuenta, y para otros fines descritos en nuestra <a href=\"https:\/\/www.sensitivecbd.com\/b2b\/privacy-policy\/\" class=\"woocommerce-privacy-policy-link\" target=\"_blank\">privacy policy<\/a>.<\/p>\n<\/div>\n<p class=\"woocommerce-form-row form-row\">\n\t\t\t\t<input type=\"hidden\" id=\"woocommerce-register-nonce\" name=\"woocommerce-register-nonce\" value=\"d3e55e2637\" \/><input type=\"hidden\" name=\"_wp_http_referer\" value=\"\/b2b\/wp-json\/wp\/v2\/pages\/13\" \/>\t\t\t\t<button type=\"submit\" class=\"woocommerce-Button woocommerce-button button woocommerce-form-register__submit\" name=\"register\" value=\"Registrarse\">Registrarse<\/button>\n\t\t\t<\/p>\n<\/p><\/form>\n<\/p><\/div>\n<\/div>\n<\/div><\/div>\n\t\t\t\t<\/div>\n\t\t\t\t<div class=\"elementor-element elementor-element-df47cd5 e-my-account-tabs-vertical elementor-widget elementor-widget-woocommerce-my-account\" data-id=\"df47cd5\" data-element_type=\"widget\" data-widget_type=\"woocommerce-my-account.default\">\n\t\t\t\t<div class=\"elementor-widget-container\">\n\t\t\t\t\t<div class=\"e-my-account-tab e-my-account-tab__ \">\t\t\t<div class=\"woocommerce\"><div class=\"woocommerce-notices-wrapper\"><\/div>\n\n<div class=\"u-columns col2-set\" id=\"customer_login\">\n\n\t<div class=\"u-column1 col-1\">\n\n\n\t\t<h2>Acceder<\/h2>\n\n\t\t<form class=\"woocommerce-form woocommerce-form-login login\" method=\"post\">\n\n\t\t\t\n\t\t\t<p class=\"woocommerce-form-row woocommerce-form-row--wide form-row form-row-wide\">\n\t\t\t\t<label for=\"username\">Nombre de usuario o correo electr\u00f3nico&nbsp;<span class=\"required\" aria-hidden=\"true\">*<\/span><span class=\"screen-reader-text\">Obligatorio<\/span><\/label>\n\t\t\t\t<input type=\"text\" class=\"woocommerce-Input woocommerce-Input--text input-text\" name=\"username\" id=\"username\" autocomplete=\"username\" value=\"\" required aria-required=\"true\" \/>\t\t\t<\/p>\n\t\t\t<p class=\"woocommerce-form-row woocommerce-form-row--wide form-row form-row-wide\">\n\t\t\t\t<label for=\"password\">Contrase\u00f1a&nbsp;<span class=\"required\" aria-hidden=\"true\">*<\/span><span class=\"screen-reader-text\">Obligatorio<\/span><\/label>\n\t\t\t\t<input class=\"woocommerce-Input woocommerce-Input--text input-text\" type=\"password\" name=\"password\" id=\"password\" autocomplete=\"current-password\" required aria-required=\"true\" \/>\n\t\t\t<\/p>\n\n\t\t\t<p><label for=\"wpcaptcha_captcha\">Are you human? Please solve: <img decoding=\"async\" class=\"wpcaptcha-captcha-img\" style=\"vertical-align: text-top;\" src=\"data:image\/png;base64,R0lGODdhLQAPALMAAP\/\/\/0JCQgAAAP\/\/\/2W3fYeaw5GKoWa3xrGhgwAAAAAAAAAAAAAAAAAAAAAAAAAAACwAAAAALQAPAAAEiXDISauV6JJx6p7ZJYofVRhWMZVjO6kggVozLAm44Ipzx10dwWyAu+l2lsMwVEEIDsfi5IjEEJgD1soZpVYpvuzLIthIi7nvqWIbEmHnuAtHyEmHYdxMPvUmsRU+TE9caVJGImstISUZH4d8FlojGzAfcF52QIAuijB7foluVQYdeF9iqGBhA5wRADs=\" alt=\"Captcha\" \/><input class=\"input\" type=\"text\" size=\"3\" name=\"wpcaptcha_captcha[5679]\" id=\"wpcaptcha_captcha\" value=\"\"\/><input type=\"hidden\" name=\"wpcaptcha_captcha_token[5679]\" id=\"wpcaptcha_captcha_token\" value=\"9bc09a899cc757d2afb632abdef44034\" \/><\/label><\/p><br \/>\n\t\t\t<p class=\"form-row\">\n\t\t\t\t<label class=\"woocommerce-form__label woocommerce-form__label-for-checkbox woocommerce-form-login__rememberme\">\n\t\t\t\t\t<input class=\"woocommerce-form__input woocommerce-form__input-checkbox\" name=\"rememberme\" type=\"checkbox\" id=\"rememberme\" value=\"forever\" \/> <span>Recu\u00e9rdame<\/span>\n\t\t\t\t<\/label>\n\t\t\t\t<input type=\"hidden\" id=\"woocommerce-login-nonce\" name=\"woocommerce-login-nonce\" value=\"f0b8c54a51\" \/><input type=\"hidden\" name=\"_wp_http_referer\" value=\"\/b2b\/wp-json\/wp\/v2\/pages\/13\" \/>\t\t\t\t<button type=\"submit\" class=\"woocommerce-button button woocommerce-form-login__submit\" name=\"login\" value=\"Acceso\">Acceso<\/button>\n\t\t\t<\/p>\n\t\t\t<p class=\"woocommerce-LostPassword lost_password\">\n\t\t\t\t<a href=\"https:\/\/www.sensitivecbd.com\/b2b\/mi-cuenta\/lost-password\/\">\u00bfOlvidaste la contrase\u00f1a?<\/a>\n\t\t\t<\/p>\n\n\t\t\t\n\t\t<\/form>\n\n\n\t<\/div>\n\n\t<div class=\"u-column2 col-2\">\n\n\t\t<h2>Registrarse<\/h2>\n\n\t\t<form method=\"post\" class=\"woocommerce-form woocommerce-form-register register\"  >\n\n\t\t\t<p class=\"form-row form-row-first validate-required\" id=\"billing_first_name_field\" data-priority=\"10\"><label for=\"billing_first_name\" class=\"\">Nombre&nbsp;<abbr class=\"required\" title=\"obligatorio\">*<\/abbr><\/label><span class=\"woocommerce-input-wrapper\"><input type=\"text\" class=\"input-text \" name=\"billing_first_name\" id=\"billing_first_name\" placeholder=\"\"  value=\"\" aria-required=\"true\" autocomplete=\"given-name\" \/><\/span><\/p><p class=\"form-row form-row-last validate-required\" id=\"billing_last_name_field\" data-priority=\"20\"><label for=\"billing_last_name\" class=\"\">Apellidos&nbsp;<abbr class=\"required\" title=\"obligatorio\">*<\/abbr><\/label><span class=\"woocommerce-input-wrapper\"><input type=\"text\" class=\"input-text \" name=\"billing_last_name\" id=\"billing_last_name\" placeholder=\"\"  value=\"\" aria-required=\"true\" autocomplete=\"family-name\" \/><\/span><\/p><p class=\"form-row form-row-wide validate-required\" id=\"billing_company_field\" data-priority=\"30\"><label for=\"billing_company\" class=\"\">Nombre de la empresa&nbsp;<abbr class=\"required\" title=\"obligatorio\">*<\/abbr><\/label><span class=\"woocommerce-input-wrapper\"><input type=\"text\" class=\"input-text \" name=\"billing_company\" id=\"billing_company\" placeholder=\"\"  value=\"\" aria-required=\"true\" autocomplete=\"organization\" \/><\/span><\/p><p class=\"form-row form-row-wide validate-required\" id=\"billing_vat_field\" data-priority=\"35\"><label for=\"billing_vat\" class=\"\">NIE\/NIF\/VIES Number&nbsp;<abbr class=\"required\" title=\"obligatorio\">*<\/abbr><\/label><span class=\"woocommerce-input-wrapper\"><input type=\"text\" class=\"input-text \" name=\"billing_vat\" id=\"billing_vat\" placeholder=\"NIE\/NIF\/VIES Number\"  value=\"\" aria-required=\"true\" \/><\/span><\/p><p class=\"form-row form-row-wide address-field update_totals_on_change validate-required\" id=\"billing_country_field\" data-priority=\"40\"><label for=\"billing_country\" class=\"\">Pa\u00eds \/ Regi\u00f3n&nbsp;<abbr class=\"required\" title=\"obligatorio\">*<\/abbr><\/label><span class=\"woocommerce-input-wrapper\"><select name=\"billing_country\" id=\"billing_country\" class=\"country_to_state country_select \" aria-required=\"true\" autocomplete=\"country\" data-placeholder=\"Selecciona un pa\u00eds\/regi\u00f3n&hellip;\" data-label=\"Pa\u00eds \/ Regi\u00f3n\"><option value=\"\">Selecciona un pa\u00eds\/regi\u00f3n&hellip;<\/option><\/select><noscript><button type=\"submit\" name=\"woocommerce_checkout_update_totals\" value=\"Actualizar pa\u00eds\/regi\u00f3n\">Actualizar pa\u00eds\/regi\u00f3n<\/button><\/noscript><\/span><\/p><p class=\"form-row form-row-wide address-field validate-required\" id=\"billing_address_1_field\" data-priority=\"50\"><label for=\"billing_address_1\" class=\"\">Direcci\u00f3n de la calle&nbsp;<abbr class=\"required\" title=\"obligatorio\">*<\/abbr><\/label><span class=\"woocommerce-input-wrapper\"><input type=\"text\" class=\"input-text \" name=\"billing_address_1\" id=\"billing_address_1\" placeholder=\"Nombre de la calle y n\u00famero de la casa\"  value=\"\" aria-required=\"true\" autocomplete=\"address-line1\" \/><\/span><\/p><p class=\"form-row form-row-wide address-field\" id=\"billing_address_2_field\" data-priority=\"60\"><label for=\"billing_address_2\" class=\"screen-reader-text\">Apartamento, habitaci\u00f3n, escalera, etc.&nbsp;<span class=\"optional\">(opcional)<\/span><\/label><span class=\"woocommerce-input-wrapper\"><input type=\"text\" class=\"input-text \" name=\"billing_address_2\" id=\"billing_address_2\" placeholder=\"Apartamento, habitaci\u00f3n, etc. (opcional)\"  value=\"\" autocomplete=\"address-line2\" \/><\/span><\/p><p class=\"form-row form-row-wide address-field validate-required\" id=\"billing_city_field\" data-priority=\"70\"><label for=\"billing_city\" class=\"\">Poblaci\u00f3n&nbsp;<abbr class=\"required\" title=\"obligatorio\">*<\/abbr><\/label><span class=\"woocommerce-input-wrapper\"><input type=\"text\" class=\"input-text \" name=\"billing_city\" id=\"billing_city\" placeholder=\"\"  value=\"\" aria-required=\"true\" autocomplete=\"address-level2\" \/><\/span><\/p><p class=\"form-row form-row-wide address-field validate-required validate-state\" id=\"billing_state_field\" data-priority=\"80\"><label for=\"billing_state\" class=\"\">Regi\u00f3n \/ Provincia&nbsp;<abbr class=\"required\" title=\"obligatorio\">*<\/abbr><\/label><span class=\"woocommerce-input-wrapper\"><input type=\"text\" class=\"input-text \" value=\"\"  placeholder=\"\" name=\"billing_state\" id=\"billing_state\" aria-required=\"true\" autocomplete=\"address-level1\" data-input-classes=\"\"\/><\/span><\/p><p class=\"form-row form-row-wide address-field validate-required validate-postcode\" id=\"billing_postcode_field\" data-priority=\"90\"><label for=\"billing_postcode\" class=\"\">C\u00f3digo postal \/ ZIP&nbsp;<abbr class=\"required\" title=\"obligatorio\">*<\/abbr><\/label><span class=\"woocommerce-input-wrapper\"><input type=\"text\" class=\"input-text \" name=\"billing_postcode\" id=\"billing_postcode\" placeholder=\"\"  value=\"\" aria-required=\"true\" autocomplete=\"postal-code\" \/><\/span><\/p><p class=\"form-row form-row-wide validate-required validate-phone\" id=\"billing_phone_field\" data-priority=\"100\"><label for=\"billing_phone\" class=\"\">Tel\u00e9fono&nbsp;<abbr class=\"required\" title=\"obligatorio\">*<\/abbr><\/label><span class=\"woocommerce-input-wrapper\"><input type=\"tel\" class=\"input-text \" name=\"billing_phone\" id=\"billing_phone\" placeholder=\"\"  value=\"\" aria-required=\"true\" autocomplete=\"tel\" \/><\/span><\/p>\n\t\t\t\n\t\t\t<p class=\"woocommerce-form-row woocommerce-form-row--wide form-row form-row-wide\">\n\t\t\t\t<label for=\"reg_email\">Direcci\u00f3n de correo electr\u00f3nico&nbsp;<span class=\"required\" aria-hidden=\"true\">*<\/span><span class=\"screen-reader-text\">Obligatorio<\/span><\/label>\n\t\t\t\t<input type=\"email\" class=\"woocommerce-Input woocommerce-Input--text input-text\" name=\"email\" id=\"reg_email\" autocomplete=\"email\" value=\"\" required aria-required=\"true\" \/>\t\t\t<\/p>\n\n\t\t\t\n\t\t\t\t<p>Se enviar\u00e1 un enlace a tu direcci\u00f3n de correo electr\u00f3nico para establecer una nueva contrase\u00f1a.<\/p>\n\n\t\t\t\n\t\t\t    <p class=\"form-row form-row-wide\">\r\n        <label class=\"woocommerce-form__label woocommerce-form__label-for-checkbox\">\r\n            <input type=\"checkbox\" name=\"activar_recargo_equivalencia\" class=\"woocommerce-form__input woocommerce-form__input-checkbox\">\r\n            <span>A\u00f1adir a mis facturas el impuesto Recargo de Equivalencia (5,2%)<\/span>\r\n        <\/label>\r\n    <\/p>\r\n    <wc-order-attribution-inputs><\/wc-order-attribution-inputs><div class=\"woocommerce-privacy-policy-text\"><p>Sus datos personales ser\u00e1n utilizados para apoyar su experiencia a trav\u00e9s de este sitio web, para administrar el acceso a su cuenta, y para otros fines descritos en nuestra <a href=\"https:\/\/www.sensitivecbd.com\/b2b\/privacy-policy\/\" class=\"woocommerce-privacy-policy-link\" target=\"_blank\">privacy policy<\/a>.<\/p>\n<\/div>\n\t\t\t<p class=\"woocommerce-form-row form-row\">\n\t\t\t\t<input type=\"hidden\" id=\"woocommerce-register-nonce\" name=\"woocommerce-register-nonce\" value=\"d3e55e2637\" \/><input type=\"hidden\" name=\"_wp_http_referer\" value=\"\/b2b\/wp-json\/wp\/v2\/pages\/13\" \/>\t\t\t\t<button type=\"submit\" class=\"woocommerce-Button woocommerce-button button woocommerce-form-register__submit\" name=\"register\" value=\"Registrarse\">Registrarse<\/button>\n\t\t\t<\/p>\n\n\t\t\t\n\t\t<\/form>\n\n\t<\/div>\n\n<\/div>\n\n<\/div>\t\t<\/div>\n\t\t\t\t\t\t<\/div>\n\t\t\t\t<\/div>\n\t\t\t\t<\/div>\n\t\t\t\t\t<\/div>\n\t\t\t\t<\/div>\t\t<\/div>\n\t\t","protected":false},"excerpt":{"rendered":"<p>\ud83d\udca5 GRAN OFERTA &#8211; SEMANA SANTA Hasta un 60% de descuento directo en todo cat\u00e1logo. M\u00e1s margen. M\u00e1s beneficio. Mismo producto top. \ud83d\udc49 Ver productos en oferta Escritorio Pedidos Descargas Direcciones Detalles de la cuenta Mis puntos Cerrar sesi\u00f3n Hola Rafael Fernandez (\u00bfno eres Rafael Fernandez? Cerrar sesi\u00f3n) Desde el escritorio de tu cuenta puedes [&hellip;]<\/p>\n","protected":false},"author":4,"featured_media":0,"parent":0,"menu_order":0,"comment_status":"closed","ping_status":"closed","template":"","meta":{"_acf_changed":false,"footnotes":""},"class_list":["post-13","page","type-page","status-publish","hentry"],"acf":[],"_links":{"self":[{"href":"https:\/\/www.sensitivecbd.com\/b2b\/wp-json\/wp\/v2\/pages\/13","targetHints":{"allow":["GET"]}}],"collection":[{"href":"https:\/\/www.sensitivecbd.com\/b2b\/wp-json\/wp\/v2\/pages"}],"about":[{"href":"https:\/\/www.sensitivecbd.com\/b2b\/wp-json\/wp\/v2\/types\/page"}],"author":[{"embeddable":true,"href":"https:\/\/www.sensitivecbd.com\/b2b\/wp-json\/wp\/v2\/users\/4"}],"replies":[{"embeddable":true,"href":"https:\/\/www.sensitivecbd.com\/b2b\/wp-json\/wp\/v2\/comments?post=13"}],"version-history":[{"count":9,"href":"https:\/\/www.sensitivecbd.com\/b2b\/wp-json\/wp\/v2\/pages\/13\/revisions"}],"predecessor-version":[{"id":9306,"href":"https:\/\/www.sensitivecbd.com\/b2b\/wp-json\/wp\/v2\/pages\/13\/revisions\/9306"}],"wp:attachment":[{"href":"https:\/\/www.sensitivecbd.com\/b2b\/wp-json\/wp\/v2\/media?parent=13"}],"curies":[{"name":"wp","href":"https:\/\/api.w.org\/{rel}","templated":true}]}}