{"id":564,"date":"2020-10-06T08:21:43","date_gmt":"2020-10-06T08:21:43","guid":{"rendered":"https:\/\/sensitivecbd.com\/b2b\/product\/import-placeholder-for-edi0013-1\/"},"modified":"2025-10-23T17:26:09","modified_gmt":"2025-10-23T17:26:09","slug":"infusion-energy","status":"publish","type":"product","link":"https:\/\/www.sensitivecbd.com\/b2b\/product\/infusion-energy\/","title":{"rendered":"Mix de Hierbas ENERGY"},"content":{"rendered":"","protected":false},"excerpt":{"rendered":"<p><b>ANSIOL\u00cdTICO| ESTIMULANTE |ANTIOXIDANTE<\/b><\/p>\n<p><span style=\"font-weight: 400;\">Empieza tus ma\u00f1anas con la energ\u00eda del t\u00e9 verde Sencha, la potencia del jengibre y con un agradable aroma de clavo. Energy es un mix de hierbas de c\u00e1\u00f1amo elaborado con trocitos de fruta c\u00edtrica y c\u00e1\u00f1amo que aportan una gran cantidad de vitaminas y minerales, adem\u00e1s antioxidantes.<\/span><\/p>\n<p><span style=\"font-weight: 400;\">Ingredientes: c\u00e1\u00f1amo (hojas, flores y semillas), t\u00e9 verde Sencha,\u00a0 romero, jengibre, corteza de lim\u00f3n y clavo.<\/span><\/p>\n<p><span style=\"font-weight: 400;\">Elaborado con c\u00e1\u00f1amo 100% org\u00e1nico de certificaci\u00f3n europea. No contiene THC. Libre de pesticidas o metales pesados.<\/span><\/p>\n<p>*puede contener trazas de frutos secos, soja y frutos de c\u00e1scara<\/p>\n<p>&nbsp;<\/p>\n","protected":false},"featured_media":6139,"template":"","meta":{"_acf_changed":false},"product_cat":[122],"product_tag":[],"class_list":{"0":"post-564","1":"product","2":"type-product","3":"status-publish","4":"has-post-thumbnail","6":"product_cat-promociones-y-ofertas","8":"first","9":"instock","10":"sale","11":"taxable","12":"shipping-taxable","13":"product-type-simple"},"acf":[],"_links":{"self":[{"href":"https:\/\/www.sensitivecbd.com\/b2b\/wp-json\/wp\/v2\/product\/564","targetHints":{"allow":["GET"]}}],"collection":[{"href":"https:\/\/www.sensitivecbd.com\/b2b\/wp-json\/wp\/v2\/product"}],"about":[{"href":"https:\/\/www.sensitivecbd.com\/b2b\/wp-json\/wp\/v2\/types\/product"}],"version-history":[{"count":1,"href":"https:\/\/www.sensitivecbd.com\/b2b\/wp-json\/wp\/v2\/product\/564\/revisions"}],"predecessor-version":[{"id":9285,"href":"https:\/\/www.sensitivecbd.com\/b2b\/wp-json\/wp\/v2\/product\/564\/revisions\/9285"}],"wp:featuredmedia":[{"embeddable":true,"href":"https:\/\/www.sensitivecbd.com\/b2b\/wp-json\/wp\/v2\/media\/6139"}],"wp:attachment":[{"href":"https:\/\/www.sensitivecbd.com\/b2b\/wp-json\/wp\/v2\/media?parent=564"}],"wp:term":[{"taxonomy":"product_cat","embeddable":true,"href":"https:\/\/www.sensitivecbd.com\/b2b\/wp-json\/wp\/v2\/product_cat?post=564"},{"taxonomy":"product_tag","embeddable":true,"href":"https:\/\/www.sensitivecbd.com\/b2b\/wp-json\/wp\/v2\/product_tag?post=564"}],"curies":[{"name":"wp","href":"https:\/\/api.w.org\/{rel}","templated":true}]}}