{"id":5744,"date":"2023-03-27T13:34:29","date_gmt":"2023-03-27T13:34:29","guid":{"rendered":"https:\/\/www.sensitivecbd.com\/b2b\/?post_type=product&#038;p=5744"},"modified":"2025-10-23T17:37:44","modified_gmt":"2025-10-23T17:37:44","slug":"pre-rolled-mariachi-hash-y-weed","status":"publish","type":"product","link":"https:\/\/www.sensitivecbd.com\/b2b\/product\/pre-rolled-mariachi-hash-y-weed\/","title":{"rendered":"Pre Rolled Mariachi"},"content":{"rendered":"<p><span style=\"font-weight: 400;\">Sensitive CBD lanza con exclusividad el pre rolled Mariachi, que como su propio nombre sugiere (Mariachi = maria + hach\u00eds), es un cigarrillo pre-liado que mezcla flores de CBD trituradas con hach\u00eds.<\/span><\/p>\n<p><span style=\"font-weight: 400;\">Los pre rolled son la forma m\u00e1s r\u00e1pida de disfrutar de las flores de CBD, ideales para aquellos que no quieren esperar para aprovechar los aromas y efectos de nuestras flores.\u00a0<\/span><\/p>\n<p><span style=\"font-weight: 400;\">El Mariachi mezcla a la perfecci\u00f3n aproximadamente 1,5 g de cogollos molidos de la variedad Super Lemon, junto al hach\u00eds Maroc Polen. Disfruta de esta exquisita mezcla de flor de CBD y hach\u00eds para potenciar aromas y efectos.\u00a0<\/span><\/p>\n<p><b>Aroma<\/b><\/p>\n<p><span style=\"font-weight: 400;\">Puedes esperar un equilibrio perfecto entre las notas c\u00edtricas y frescas de la flor Super Lemon junto al vegetal terroso del hach\u00eds Maroc Polen.<\/span><\/p>\n<p><span style=\"font-weight: 400;\">Envasado a mano utilizando papel de liar org\u00e1nico, sin esencias, aromas artificiales, sin aditivos y probado en un laboratorio de terceros.<\/span><\/p>\n<p><span style=\"font-weight: 400;\">Elaborado con flores de CBD de alta calidad.\u00a0<\/span><\/p>\n<p><span style=\"font-weight: 400;\">NO CONTIENE TABACO<\/span><\/p>\n<p><a href=\"https:\/\/www.sensitivecbd.com\/b2b\/\">CBD al por mayor<\/a> | <a href=\"https:\/\/www.sensitivecbd.com\/b2b\/franquicia-tienda-cbd\/\">Franquicias CBD<\/a><\/p>\n","protected":false},"excerpt":{"rendered":"<ul>\n<li style=\"font-weight: 400;\" aria-level=\"1\"><span style=\"font-weight: 400;\">PRE ROLLED DE\u00a0 FLOR DE CBD MEZCLADA CON HACH\u00cdS<\/span><\/li>\n<li style=\"font-weight: 400;\" aria-level=\"1\"><span style=\"font-weight: 400;\">Embalaje unitaria<\/span><\/li>\n<li style=\"font-weight: 400;\" aria-level=\"1\"><span style=\"font-weight: 400;\">NO CONTIENE TABACO o nicotina<\/span><\/li>\n<li style=\"font-weight: 400;\" aria-level=\"1\"><span style=\"font-weight: 400;\">Menos del 0.2% de <\/span><b>THC<\/b><\/li>\n<li style=\"font-weight: 400;\" aria-level=\"1\"><span style=\"font-weight: 400;\">De 10 a 20% de <\/span><b>CBD<\/b><\/li>\n<li style=\"font-weight: 400;\" aria-level=\"1\"><b>Sin efectos psicotr\u00f3picos<\/b><\/li>\n<li style=\"font-weight: 400;\" aria-level=\"1\"><span style=\"font-weight: 400;\">Cultivadas de forma org\u00e1nica<\/span><\/li>\n<li style=\"font-weight: 400;\" aria-level=\"1\"><span style=\"font-weight: 400;\">Libres de GMO<\/span><\/li>\n<li style=\"font-weight: 400;\" aria-level=\"1\"><span style=\"font-weight: 400;\">Libres de pesticidas<\/span><\/li>\n<\/ul>\n","protected":false},"featured_media":5746,"template":"","meta":{"_acf_changed":false},"product_cat":[32],"product_tag":[],"class_list":{"0":"post-5744","1":"product","2":"type-product","3":"status-publish","4":"has-post-thumbnail","6":"product_cat-flores-de-cbd-al-por-mayor","8":"first","9":"instock","10":"sale","11":"taxable","12":"shipping-taxable","13":"product-type-simple"},"acf":[],"_links":{"self":[{"href":"https:\/\/www.sensitivecbd.com\/b2b\/wp-json\/wp\/v2\/product\/5744","targetHints":{"allow":["GET"]}}],"collection":[{"href":"https:\/\/www.sensitivecbd.com\/b2b\/wp-json\/wp\/v2\/product"}],"about":[{"href":"https:\/\/www.sensitivecbd.com\/b2b\/wp-json\/wp\/v2\/types\/product"}],"version-history":[{"count":2,"href":"https:\/\/www.sensitivecbd.com\/b2b\/wp-json\/wp\/v2\/product\/5744\/revisions"}],"predecessor-version":[{"id":9308,"href":"https:\/\/www.sensitivecbd.com\/b2b\/wp-json\/wp\/v2\/product\/5744\/revisions\/9308"}],"wp:featuredmedia":[{"embeddable":true,"href":"https:\/\/www.sensitivecbd.com\/b2b\/wp-json\/wp\/v2\/media\/5746"}],"wp:attachment":[{"href":"https:\/\/www.sensitivecbd.com\/b2b\/wp-json\/wp\/v2\/media?parent=5744"}],"wp:term":[{"taxonomy":"product_cat","embeddable":true,"href":"https:\/\/www.sensitivecbd.com\/b2b\/wp-json\/wp\/v2\/product_cat?post=5744"},{"taxonomy":"product_tag","embeddable":true,"href":"https:\/\/www.sensitivecbd.com\/b2b\/wp-json\/wp\/v2\/product_tag?post=5744"}],"curies":[{"name":"wp","href":"https:\/\/api.w.org\/{rel}","templated":true}]}}